{"id":1378,"date":"2017-07-14T11:03:47","date_gmt":"2017-07-14T09:03:47","guid":{"rendered":"http:\/\/www.olimac.it\/area-riservata\/"},"modified":"2026-04-17T12:18:15","modified_gmt":"2026-04-17T10:18:15","slug":"area-reservada","status":"publish","type":"page","link":"https:\/\/www.olimac.it\/es\/area-reservada\/","title":{"rendered":"Area reservada"},"content":{"rendered":"<div class=\"wpb-content-wrapper\"><p>[vc_row full_width=\u00bbstretch_row_content_no_spaces\u00bb][vc_column][vc_separator color=\u00bbcustom\u00bb border_width=\u00bb2&#8243; accent_color=\u00bb#e6352c\u00bb][\/vc_column][\/vc_row][vc_row][vc_column]<div id=\"ultimate-heading-599469e2bc3e834f1\" class=\"uvc-heading ult-adjust-bottom-margin ultimate-heading-599469e2bc3e834f1 uvc-1347 \" data-hspacer=\"no_spacer\"  data-halign=\"left\" style=\"text-align:left\"><div class=\"uvc-heading-spacer no_spacer\" style=\"top\"><\/div><div class=\"uvc-main-heading ult-responsive\"  data-ultimate-target='.uvc-heading.ultimate-heading-599469e2bc3e834f1 h2'  data-responsive-json-new='{\"font-size\":\"desktop:25px;\",\"line-height\":\"desktop:25px;\"}' ><h2 style=\"font-family:&#039;Nunito Sans&#039;;font-weight:300;color:#000000;margin-bottom:15px;\">Bienvenido al \u00e1rea reservada<\/h2><\/div><div class=\"uvc-sub-heading ult-responsive\"  data-ultimate-target='.uvc-heading.ultimate-heading-599469e2bc3e834f1 .uvc-sub-heading '  data-responsive-json-new='{\"font-size\":\"desktop:20px;\",\"line-height\":\"desktop:25px;\"}'  style=\"font-family:&#039;Nunito Sans&#039;;font-weight:300;color:#000000;margin-bottom:0px;\"><\/p>\n<p class=\"p1\">Para acceder al servicio, introduzca la contrase\u00f1a.<br \/>\nSi Ud. no tiene contrase\u00f1a, contacte Olimac al n\u00famero +39.0171.384898<\/p>\n<p><\/div><\/div>[\/vc_column][\/vc_row][vc_row][vc_column][vc_empty_space][\/vc_column][\/vc_row][vc_row bg_type=\u00bbbg_color\u00bb bg_override=\u00bbfull\u00bb bg_color_value=\u00bb#878888&#8243;][vc_column width=\u00bb1\/4&#8243;][vc_single_image image=\u00bb4029&#8243; img_size=\u00bbfull\u00bb css=\u00bb.vc_custom_1498827379401{margin-bottom: 0px !important;}\u00bb]<div id=\"ultimate-heading-478869e2bc3e87c91\" class=\"uvc-heading ult-adjust-bottom-margin ultimate-heading-478869e2bc3e87c91 uvc-7825  uvc-heading-default-font-sizes\" data-hspacer=\"no_spacer\"  data-halign=\"center\" style=\"text-align:center\"><div class=\"uvc-heading-spacer no_spacer\" style=\"top\"><\/div><div class=\"uvc-sub-heading ult-responsive\"  data-ultimate-target='.uvc-heading.ultimate-heading-478869e2bc3e87c91 .uvc-sub-heading '  data-responsive-json-new='{\"font-size\":\"desktop:18px;\",\"line-height\":\"desktop:28px;\"}'  style=\"font-family:&#039;Nunito Sans&#039;;font-weight:200;color:#ffffff;margin-bottom:0px;\"><\/p>\n<p style=\"text-align: left;\">Olimac S.p.a.<br \/>\nVia Cuneo, 41<br \/>\n12040 Margarita<br \/>\n(Cuneo) Italy<br \/>\ntel +39.0171.384898<br \/>\nfax +39.0171.384904<br \/>\nwww.olimac.it<br \/>\n<a href=\"mailto:infodrago@olimac.it\"><span style=\"color: #ffffff;\"><u>infodrago@olimac.it<\/u><\/span><\/a><\/p>\n<p><\/div><\/div>[\/vc_column][vc_column width=\u00bb1\/4&#8243; offset=\u00bbvc_hidden-sm vc_hidden-xs\u00bb]<div id=\"ultimate-heading-380569e2bc3e87dad\" class=\"uvc-heading ult-adjust-bottom-margin ultimate-heading-380569e2bc3e87dad uvc-5964  uvc-heading-default-font-sizes\" data-hspacer=\"no_spacer\"  data-halign=\"center\" style=\"text-align:center\"><div class=\"uvc-heading-spacer no_spacer\" style=\"top\"><\/div><div class=\"uvc-sub-heading ult-responsive\"  data-ultimate-target='.uvc-heading.ultimate-heading-380569e2bc3e87dad .uvc-sub-heading '  data-responsive-json-new='{\"font-size\":\"desktop:13px;\",\"line-height\":\"desktop:15px;\"}'  style=\"font-family:&#039;Nunito Sans&#039;;font-weight:200;color:#ffffff;margin-bottom:0px;\"><\/p>\n<p style=\"text-align: left;\"><a href=\"https:\/\/www.olimac.it\/es\/\"><span style=\"color: #ffffff;\"><u>Home<\/u><\/span><\/a><\/p>\n<p style=\"text-align: left;\"><a href=\"https:\/\/www.olimac.it\/es\/empresa\/\"><span style=\"color: #ffffff;\"><u>Empresa<\/u><\/span><\/a><\/p>\n<p style=\"text-align: left;\"><a href=\"https:\/\/www.olimac.it\/es\/historia\/\"><span style=\"color: #ffffff;\"><u>Historia<\/u><\/span><\/a><\/p>\n<p style=\"text-align: left;\"><a href=\"https:\/\/www.olimac.it\/es\/dragogt-cabezal-de-maiz\/\"><span style=\"color: #ffffff;\"><u>Cabezal de ma\u00edz &#8211; DragoGT<\/u><\/span><\/a><\/p>\n<p style=\"text-align: left;\"><a href=\"https:\/\/www.olimac.it\/es\/drago2-cabezal-de-maiz\/\"><span style=\"color: #ffffff;\"><u>Cabezal de ma\u00edz &#8211; Drago2<\/u><\/span><\/a><\/p>\n<p style=\"text-align: left;\"><a href=\"https:\/\/www.olimac.it\/es\/drago-gold-cabezal-de-girasol-sorgo\/\"><span style=\"color: #ffffff;\"><u>Cabezal de girasol-sorgo-c\u00e1\u00f1amo &#8211; Drago Gold<\/u><\/span><\/a><\/p>\n<p style=\"text-align: left;\"><a href=\"https:\/\/www.olimac.it\/es\/novedades-y-ferias\/\"><span style=\"color: #ffffff;\"><u>Novedades y ferias<\/u><\/span><\/a><\/p>\n<p style=\"text-align: left;\"><a href=\"https:\/\/www.olimac.it\/es\/folleto\/\" rel=\"noopener\"><span style=\"color: #ffffff;\"><u>Folleto<\/u><\/span><\/a><\/p>\n<p style=\"text-align: left;\"><a href=\"https:\/\/www.youtube.com\/user\/OLIMACDRAGO\/videos?view=0&amp;shelf_id=0&amp;sort=dd\" target=\"_blank\" rel=\"noopener\"><span style=\"color: #ffffff;\"><u>Video<\/u><\/span><\/a><\/p>\n<p style=\"text-align: left;\"><a href=\"https:\/\/www.olimac.it\/es\/prensa\/\"><span style=\"color: #ffffff;\"><u>Prensa<\/u><\/span><\/a><\/p>\n<p style=\"text-align: left;\"><a href=\"https:\/\/www.olimac.it\/es\/contactos\/\"><span style=\"color: #ffffff;\"><u>Contactos<\/u><\/span><\/a><\/p>\n<p style=\"text-align: left;\"><a href=\"https:\/\/www.olimac.it\/es\/area-reservada\/\"><span style=\"color: #ffffff;\"><u>Area reservada<\/u><\/span><\/a><\/p>\n<p><\/div><\/div>[\/vc_column][vc_column width=\u00bb1\/4&#8243;]<div id=\"ultimate-heading-133269e2bc3e87e66\" class=\"uvc-heading ult-adjust-bottom-margin ultimate-heading-133269e2bc3e87e66 uvc-3703  uvc-heading-default-font-sizes\" data-hspacer=\"no_spacer\"  data-halign=\"center\" style=\"text-align:center\"><div class=\"uvc-heading-spacer no_spacer\" style=\"top\"><\/div><div class=\"uvc-sub-heading ult-responsive\"  data-ultimate-target='.uvc-heading.ultimate-heading-133269e2bc3e87e66 .uvc-sub-heading '  data-responsive-json-new='{\"font-size\":\"desktop:15px;\",\"line-height\":\"desktop:25px;\"}'  style=\"font-family:&#039;Nunito Sans&#039;;font-weight:200;color:#ffffff;margin-bottom:0px;\"><\/p>\n<p style=\"text-align: left;\"><a href=\"https:\/\/www.olimac.it\/legal-spa.pdf\" target=\"_blank\" rel=\"noopener\"><span style=\"color: #ffffff;\"><u>Notas legales<\/u><\/span><\/a><br \/>\n<a href=\"https:\/\/www.olimac.it\/salute-sicurezza.pdf\" target=\"_blank\" rel=\"noopener\"><span style=\"color: #ffffff;\"><u>Pol\u00edtica de seguridad<\/u><\/span><\/a><br \/>\n<a href=\"https:\/\/www.olimac.it\/politica-qualita_olimac-es.pdf\" target=\"_blank\" rel=\"noopener\"><span style=\"color: #ffffff;\"><u>Pol\u00edtica de Calidad<\/u><\/span><\/a><br \/>\n<a href=\"https:\/\/www.olimac.it\/politica-ambientale_olimac.pdf\" target=\"_blank\" rel=\"noopener\"><span style=\"color: #ffffff;\"><u>Pol\u00edtica ambiental<\/u><\/span><\/a><br \/>\n<a href=\"https:\/\/www.iubenda.com\/privacy-policy\/55290938\/full-legal\" target=\"_blank\" rel=\"noopener\"><span style=\"color: #ffffff;\"><u>Privacy Policy<\/u><\/span><\/a><br \/>\n<a href=\"https:\/\/www.iubenda.com\/privacy-policy\/55290938\/cookie-policy\" target=\"_blank\" rel=\"noopener\"><span style=\"color: #ffffff;\"><u>Cookie Policy<\/u><\/span><\/a><br \/>\n<a href=\"https:\/\/www.iubenda.com\/terms-and-conditions\/55290938\" target=\"_blank\" rel=\"noopener\"><span style=\"color: #ffffff;\"><u>T\u00e9rminos y condiciones<\/u><\/span><\/a><br \/>\n<a href=\"https:\/\/www.cavallinoservice.it\/\" target=\"_blank\" rel=\"noopener\"><span style=\"color: #ffffff;\"><u>Credits<\/u><\/span><\/a><\/p>\n<p><\/div><\/div>[\/vc_column][vc_column width=\u00bb1\/4&#8243; offset=\u00bbvc_hidden-sm vc_hidden-xs\u00bb]<div id=\"ultimate-heading-661869e2bc3e87f01\" class=\"uvc-heading ult-adjust-bottom-margin ultimate-heading-661869e2bc3e87f01 uvc-5503  uvc-heading-default-font-sizes\" data-hspacer=\"no_spacer\"  data-halign=\"center\" style=\"text-align:center\"><div class=\"uvc-heading-spacer no_spacer\" style=\"top\"><\/div><div class=\"uvc-sub-heading ult-responsive\"  data-ultimate-target='.uvc-heading.ultimate-heading-661869e2bc3e87f01 .uvc-sub-heading '  data-responsive-json-new='{\"font-size\":\"desktop:15px;\",\"line-height\":\"desktop:15px;\"}'  style=\"font-family:&#039;Nunito Sans&#039;;font-weight:200;color:#ffffff;margin-bottom:0px;\"><\/p>\n<p style=\"text-align: left;\"><a href=\"https:\/\/www.facebook.com\/olimacspa\/\" target=\"_blank\" rel=\"noopener\"><img decoding=\"async\" class=\"alignnone wp-image-1832 alignleft\" src=\"https:\/\/www.olimac.it\/wp-content\/uploads\/2022\/07\/FB_logo-2022.png\" alt=\"\" width=\"42\" height=\"40\" \/><\/a>\u00a0<a href=\"https:\/\/www.instagram.com\/olimacspa\/\" target=\"_blank\" rel=\"noopener\"><img decoding=\"async\" class=\"alignnone\" src=\"https:\/\/www.olimac.it\/wp-content\/uploads\/2017\/07\/instagram-logo2.png\" alt=\"\" width=\"48\" height=\"40\" \/><\/a> <a href=\"https:\/\/www.youtube.com\/user\/OLIMACDRAGO\/videos?view=0&amp;shelf_id=0&amp;sort=dd\" target=\"_blank\" rel=\"noopener\"><img decoding=\"async\" class=\"alignnone\" src=\"https:\/\/www.olimac.it\/wp-content\/uploads\/2017\/06\/YouTube-logo.jpg\" alt=\"\" width=\"100\" height=\"40\" \/><\/a> <a href=\"https:\/\/it.linkedin.com\/company\/olimacspa\" target=\"_blank\" rel=\"noopener\"><img loading=\"lazy\" decoding=\"async\" class=\"alignnone\" src=\"https:\/\/www.olimac.it\/wp-content\/uploads\/2022\/07\/IN_logo-2022.png\" alt=\"\" width=\"42\" height=\"40\" \/><\/a><\/p>\n<p><\/div><\/div>[\/vc_column][\/vc_row][vc_row bg_type=\u00bbbg_color\u00bb bg_override=\u00bbfull\u00bb bg_color_value=\u00bb#878888&#8243;][vc_column]<div id=\"ultimate-heading-383469e2bc3e87fae\" class=\"uvc-heading ult-adjust-bottom-margin ultimate-heading-383469e2bc3e87fae uvc-1053  uvc-heading-default-font-sizes\" data-hspacer=\"no_spacer\"  data-halign=\"center\" style=\"text-align:center\"><div class=\"uvc-heading-spacer no_spacer\" style=\"top\"><\/div><div class=\"uvc-sub-heading ult-responsive\"  data-ultimate-target='.uvc-heading.ultimate-heading-383469e2bc3e87fae .uvc-sub-heading '  data-responsive-json-new='{\"font-size\":\"desktop:11px;\",\"line-height\":\"desktop:16px;\"}'  style=\"font-family:&#039;Nunito Sans&#039;;font-weight:200;color:#ffffff;margin-top:0px;margin-bottom:30px;\"><\/p>\n<p style=\"text-align: left;\"><a href=\"https:\/\/www.certipedia.com\/quality_marks\/9105019111\" target=\"_blank\" rel=\"noopener\"><img loading=\"lazy\" decoding=\"async\" class=\"alignleft wp-image-59\" src=\"https:\/\/www.olimac.it\/wp-content\/uploads\/2023\/04\/TUV_logo_with-QR-Code.png\" alt=\"\" width=\"271\" height=\"100\" \/><\/a> Copyright \u00a9 2026 Olimac S.p.a. &#8211; Todos los derechos reservados &#8211; P. IVA: 00777380049 &#8211; R.E.A. n. 122929 di Cuneo &#8211; Capitale Sociale \u20ac 1.000.000,00 i.v. &#8211; Via Cuneo, 41 &#8211; 12040 Margarita (Cuneo)<\/p>\n<p><\/div><\/div>[\/vc_column][\/vc_row]<\/p>\n<\/div>","protected":false},"excerpt":{"rendered":"<p>[vc_row full_width=\u00bbstretch_row_content_no_spaces\u00bb][vc_column][vc_separator color=\u00bbcustom\u00bb border_width=\u00bb2&#8243; accent_color=\u00bb#e6352c\u00bb][\/vc_column][\/vc_row][vc_row][vc_column][\/vc_column][\/vc_row][vc_row][vc_column][vc_empty_space][\/vc_column][\/vc_row][vc_row bg_type=\u00bbbg_color\u00bb bg_override=\u00bbfull\u00bb bg_color_value=\u00bb#878888&#8243;][vc_column width=\u00bb1\/4&#8243;][vc_single_image image=\u00bb4029&#8243; img_size=\u00bbfull\u00bb css=\u00bb.vc_custom_1498827379401{margin-bottom: 0px !important;}\u00bb][\/vc_column][vc_column width=\u00bb1\/4&#8243; offset=\u00bbvc_hidden-sm vc_hidden-xs\u00bb][\/vc_column][vc_column width=\u00bb1\/4&#8243;][\/vc_column][vc_column width=\u00bb1\/4&#8243; offset=\u00bbvc_hidden-sm vc_hidden-xs\u00bb][\/vc_column][\/vc_row][vc_row bg_type=\u00bbbg_color\u00bb bg_override=\u00bbfull\u00bb bg_color_value=\u00bb#878888&#8243;][vc_column][\/vc_column][\/vc_row]<\/p>\n","protected":false},"author":1,"featured_media":0,"parent":0,"menu_order":0,"comment_status":"closed","ping_status":"closed","template":"","meta":{"footnotes":""},"class_list":["post-1378","page","type-page","status-publish","hentry","description-off"],"yoast_head":"<!-- This site is optimized with the Yoast SEO plugin v27.4 - https:\/\/yoast.com\/product\/yoast-seo-wordpress\/ -->\n<title>Olimac cabezal de ma\u00edz DragoGT Drago2, cabezal de girasol-sorgo Drago Gold<\/title>\n<meta name=\"description\" content=\"Olimac, productor de los cabezales de ma\u00edz DragoGT y Drago2 est\u00e1 en Margarita - Cuneo, Italia\" \/>\n<meta name=\"robots\" content=\"index, follow, max-snippet:-1, max-image-preview:large, max-video-preview:-1\" \/>\n<link rel=\"canonical\" href=\"https:\/\/www.olimac.it\/es\/area-reservada\/\" \/>\n<meta property=\"og:locale\" content=\"es_ES\" \/>\n<meta property=\"og:type\" content=\"article\" \/>\n<meta property=\"og:title\" content=\"Olimac cabezal de ma\u00edz DragoGT Drago2, cabezal de girasol-sorgo Drago Gold\" \/>\n<meta property=\"og:description\" content=\"Olimac, productor de los cabezales de ma\u00edz DragoGT y Drago2 est\u00e1 en Margarita - Cuneo, Italia\" \/>\n<meta property=\"og:url\" content=\"https:\/\/www.olimac.it\/es\/area-reservada\/\" \/>\n<meta property=\"og:site_name\" content=\"OLIMAC SPA\" \/>\n<meta property=\"article:modified_time\" content=\"2026-04-17T10:18:15+00:00\" \/>\n<meta property=\"og:image\" content=\"https:\/\/www.olimac.it\/wp-content\/uploads\/2022\/07\/FB_logo-2022.png\" \/>\n<meta name=\"twitter:card\" content=\"summary_large_image\" \/>\n<meta name=\"twitter:label1\" content=\"Tiempo de lectura\" \/>\n\t<meta name=\"twitter:data1\" content=\"3 minutos\" \/>\n<script type=\"application\/ld+json\" class=\"yoast-schema-graph\">{\"@context\":\"https:\\\/\\\/schema.org\",\"@graph\":[{\"@type\":\"WebPage\",\"@id\":\"https:\\\/\\\/www.olimac.it\\\/es\\\/area-reservada\\\/\",\"url\":\"https:\\\/\\\/www.olimac.it\\\/es\\\/area-reservada\\\/\",\"name\":\"Olimac cabezal de ma\u00edz DragoGT Drago2, cabezal de girasol-sorgo Drago Gold\",\"isPartOf\":{\"@id\":\"https:\\\/\\\/www.olimac.it\\\/#website\"},\"primaryImageOfPage\":{\"@id\":\"https:\\\/\\\/www.olimac.it\\\/es\\\/area-reservada\\\/#primaryimage\"},\"image\":{\"@id\":\"https:\\\/\\\/www.olimac.it\\\/es\\\/area-reservada\\\/#primaryimage\"},\"thumbnailUrl\":\"https:\\\/\\\/www.olimac.it\\\/wp-content\\\/uploads\\\/2022\\\/07\\\/FB_logo-2022.png\",\"datePublished\":\"2017-07-14T09:03:47+00:00\",\"dateModified\":\"2026-04-17T10:18:15+00:00\",\"description\":\"Olimac, productor de los cabezales de ma\u00edz DragoGT y Drago2 est\u00e1 en Margarita - Cuneo, Italia\",\"breadcrumb\":{\"@id\":\"https:\\\/\\\/www.olimac.it\\\/es\\\/area-reservada\\\/#breadcrumb\"},\"inLanguage\":\"es\",\"potentialAction\":[{\"@type\":\"ReadAction\",\"target\":[\"https:\\\/\\\/www.olimac.it\\\/es\\\/area-reservada\\\/\"]}]},{\"@type\":\"ImageObject\",\"inLanguage\":\"es\",\"@id\":\"https:\\\/\\\/www.olimac.it\\\/es\\\/area-reservada\\\/#primaryimage\",\"url\":\"https:\\\/\\\/www.olimac.it\\\/wp-content\\\/uploads\\\/2022\\\/07\\\/FB_logo-2022.png\",\"contentUrl\":\"https:\\\/\\\/www.olimac.it\\\/wp-content\\\/uploads\\\/2022\\\/07\\\/FB_logo-2022.png\"},{\"@type\":\"BreadcrumbList\",\"@id\":\"https:\\\/\\\/www.olimac.it\\\/es\\\/area-reservada\\\/#breadcrumb\",\"itemListElement\":[{\"@type\":\"ListItem\",\"position\":1,\"name\":\"Home\",\"item\":\"https:\\\/\\\/www.olimac.it\\\/es\\\/\"},{\"@type\":\"ListItem\",\"position\":2,\"name\":\"Area reservada\"}]},{\"@type\":\"WebSite\",\"@id\":\"https:\\\/\\\/www.olimac.it\\\/#website\",\"url\":\"https:\\\/\\\/www.olimac.it\\\/\",\"name\":\"OLIMAC SPA\",\"description\":\"OLIMAC SPA - SPANNOCCHIATORI - TESTATE MAIS E GIRASOLE\",\"publisher\":{\"@id\":\"https:\\\/\\\/www.olimac.it\\\/#organization\"},\"potentialAction\":[{\"@type\":\"SearchAction\",\"target\":{\"@type\":\"EntryPoint\",\"urlTemplate\":\"https:\\\/\\\/www.olimac.it\\\/?s={search_term_string}\"},\"query-input\":{\"@type\":\"PropertyValueSpecification\",\"valueRequired\":true,\"valueName\":\"search_term_string\"}}],\"inLanguage\":\"es\"},{\"@type\":\"Organization\",\"@id\":\"https:\\\/\\\/www.olimac.it\\\/#organization\",\"name\":\"OLIMAC SPA\",\"url\":\"https:\\\/\\\/www.olimac.it\\\/\",\"logo\":{\"@type\":\"ImageObject\",\"inLanguage\":\"es\",\"@id\":\"https:\\\/\\\/www.olimac.it\\\/#\\\/schema\\\/logo\\\/image\\\/\",\"url\":\"https:\\\/\\\/www.olimac.it\\\/wp-content\\\/uploads\\\/2017\\\/06\\\/logo02.png\",\"contentUrl\":\"https:\\\/\\\/www.olimac.it\\\/wp-content\\\/uploads\\\/2017\\\/06\\\/logo02.png\",\"width\":200,\"height\":67,\"caption\":\"OLIMAC SPA\"},\"image\":{\"@id\":\"https:\\\/\\\/www.olimac.it\\\/#\\\/schema\\\/logo\\\/image\\\/\"}}]}<\/script>\n<!-- \/ Yoast SEO plugin. -->","yoast_head_json":{"title":"Olimac cabezal de ma\u00edz DragoGT Drago2, cabezal de girasol-sorgo Drago Gold","description":"Olimac, productor de los cabezales de ma\u00edz DragoGT y Drago2 est\u00e1 en Margarita - Cuneo, Italia","robots":{"index":"index","follow":"follow","max-snippet":"max-snippet:-1","max-image-preview":"max-image-preview:large","max-video-preview":"max-video-preview:-1"},"canonical":"https:\/\/www.olimac.it\/es\/area-reservada\/","og_locale":"es_ES","og_type":"article","og_title":"Olimac cabezal de ma\u00edz DragoGT Drago2, cabezal de girasol-sorgo Drago Gold","og_description":"Olimac, productor de los cabezales de ma\u00edz DragoGT y Drago2 est\u00e1 en Margarita - Cuneo, Italia","og_url":"https:\/\/www.olimac.it\/es\/area-reservada\/","og_site_name":"OLIMAC SPA","article_modified_time":"2026-04-17T10:18:15+00:00","og_image":[{"url":"https:\/\/www.olimac.it\/wp-content\/uploads\/2022\/07\/FB_logo-2022.png","type":"","width":"","height":""}],"twitter_card":"summary_large_image","twitter_misc":{"Tiempo de lectura":"3 minutos"},"schema":{"@context":"https:\/\/schema.org","@graph":[{"@type":"WebPage","@id":"https:\/\/www.olimac.it\/es\/area-reservada\/","url":"https:\/\/www.olimac.it\/es\/area-reservada\/","name":"Olimac cabezal de ma\u00edz DragoGT Drago2, cabezal de girasol-sorgo Drago Gold","isPartOf":{"@id":"https:\/\/www.olimac.it\/#website"},"primaryImageOfPage":{"@id":"https:\/\/www.olimac.it\/es\/area-reservada\/#primaryimage"},"image":{"@id":"https:\/\/www.olimac.it\/es\/area-reservada\/#primaryimage"},"thumbnailUrl":"https:\/\/www.olimac.it\/wp-content\/uploads\/2022\/07\/FB_logo-2022.png","datePublished":"2017-07-14T09:03:47+00:00","dateModified":"2026-04-17T10:18:15+00:00","description":"Olimac, productor de los cabezales de ma\u00edz DragoGT y Drago2 est\u00e1 en Margarita - Cuneo, Italia","breadcrumb":{"@id":"https:\/\/www.olimac.it\/es\/area-reservada\/#breadcrumb"},"inLanguage":"es","potentialAction":[{"@type":"ReadAction","target":["https:\/\/www.olimac.it\/es\/area-reservada\/"]}]},{"@type":"ImageObject","inLanguage":"es","@id":"https:\/\/www.olimac.it\/es\/area-reservada\/#primaryimage","url":"https:\/\/www.olimac.it\/wp-content\/uploads\/2022\/07\/FB_logo-2022.png","contentUrl":"https:\/\/www.olimac.it\/wp-content\/uploads\/2022\/07\/FB_logo-2022.png"},{"@type":"BreadcrumbList","@id":"https:\/\/www.olimac.it\/es\/area-reservada\/#breadcrumb","itemListElement":[{"@type":"ListItem","position":1,"name":"Home","item":"https:\/\/www.olimac.it\/es\/"},{"@type":"ListItem","position":2,"name":"Area reservada"}]},{"@type":"WebSite","@id":"https:\/\/www.olimac.it\/#website","url":"https:\/\/www.olimac.it\/","name":"OLIMAC SPA","description":"OLIMAC SPA - SPANNOCCHIATORI - TESTATE MAIS E GIRASOLE","publisher":{"@id":"https:\/\/www.olimac.it\/#organization"},"potentialAction":[{"@type":"SearchAction","target":{"@type":"EntryPoint","urlTemplate":"https:\/\/www.olimac.it\/?s={search_term_string}"},"query-input":{"@type":"PropertyValueSpecification","valueRequired":true,"valueName":"search_term_string"}}],"inLanguage":"es"},{"@type":"Organization","@id":"https:\/\/www.olimac.it\/#organization","name":"OLIMAC SPA","url":"https:\/\/www.olimac.it\/","logo":{"@type":"ImageObject","inLanguage":"es","@id":"https:\/\/www.olimac.it\/#\/schema\/logo\/image\/","url":"https:\/\/www.olimac.it\/wp-content\/uploads\/2017\/06\/logo02.png","contentUrl":"https:\/\/www.olimac.it\/wp-content\/uploads\/2017\/06\/logo02.png","width":200,"height":67,"caption":"OLIMAC SPA"},"image":{"@id":"https:\/\/www.olimac.it\/#\/schema\/logo\/image\/"}}]}},"_links":{"self":[{"href":"https:\/\/www.olimac.it\/es\/wp-json\/wp\/v2\/pages\/1378","targetHints":{"allow":["GET"]}}],"collection":[{"href":"https:\/\/www.olimac.it\/es\/wp-json\/wp\/v2\/pages"}],"about":[{"href":"https:\/\/www.olimac.it\/es\/wp-json\/wp\/v2\/types\/page"}],"author":[{"embeddable":true,"href":"https:\/\/www.olimac.it\/es\/wp-json\/wp\/v2\/users\/1"}],"replies":[{"embeddable":true,"href":"https:\/\/www.olimac.it\/es\/wp-json\/wp\/v2\/comments?post=1378"}],"version-history":[{"count":15,"href":"https:\/\/www.olimac.it\/es\/wp-json\/wp\/v2\/pages\/1378\/revisions"}],"predecessor-version":[{"id":7885,"href":"https:\/\/www.olimac.it\/es\/wp-json\/wp\/v2\/pages\/1378\/revisions\/7885"}],"wp:attachment":[{"href":"https:\/\/www.olimac.it\/es\/wp-json\/wp\/v2\/media?parent=1378"}],"curies":[{"name":"wp","href":"https:\/\/api.w.org\/{rel}","templated":true}]}}